{"id":218,"date":"2025-06-23T13:51:16","date_gmt":"2025-06-23T13:51:16","guid":{"rendered":"https:\/\/privacy-router.com\/cart\/"},"modified":"2025-09-24T19:09:55","modified_gmt":"2025-09-24T19:09:55","slug":"cart","status":"publish","type":"page","link":"https:\/\/privacy-router.com\/en\/cart\/","title":{"rendered":"Cart"},"content":{"rendered":"<div data-elementor-type=\"wp-page\" data-elementor-id=\"218\" class=\"elementor elementor-218\" data-elementor-post-type=\"page\">\n\t\t\t\t<div class=\"elementor-element elementor-element-393be13 e-con-full e-flex e-con e-parent\" data-id=\"393be13\" data-element_type=\"container\" data-e-type=\"container\">\n\t\t<div class=\"elementor-element elementor-element-333e6cc e-con-full e-flex e-con e-child\" data-id=\"333e6cc\" data-element_type=\"container\" data-e-type=\"container\">\n\t\t\t\t<div class=\"elementor-element elementor-element-4541f25 elementor-widget elementor-widget-image\" data-id=\"4541f25\" data-element_type=\"widget\" data-e-type=\"widget\" data-widget_type=\"image.default\">\n\t\t\t\t<div class=\"elementor-widget-container\">\n\t\t\t\t\t\t\t\t\t\t\t\t\t\t\t\t<a href=\"https:\/\/privacy-router.com\/en\">\n\t\t\t\t\t\t\t<img decoding=\"async\" width=\"72\" height=\"13\" src=\"https:\/\/privacy-router.com\/wp-content\/uploads\/2025\/06\/DPER_160x.svg\" class=\"attachment-large size-large wp-image-3204\" alt=\"\" \/>\t\t\t\t\t\t\t\t<\/a>\n\t\t\t\t\t\t\t\t\t\t\t\t\t\t\t<\/div>\n\t\t\t\t<\/div>\n\t\t\t\t<\/div>\n\t\t<div class=\"elementor-element elementor-element-1f679b8 e-con-full e-flex e-con e-child\" data-id=\"1f679b8\" data-element_type=\"container\" data-e-type=\"container\">\n\t\t<div class=\"elementor-element elementor-element-a103e21 e-con-full e-flex e-con e-child\" data-id=\"a103e21\" data-element_type=\"container\" data-e-type=\"container\">\n\t\t\t\t<div class=\"elementor-element elementor-element-10a4d16 elementor-widget elementor-widget-rating\" data-id=\"10a4d16\" data-element_type=\"widget\" data-e-type=\"widget\" data-widget_type=\"rating.default\">\n\t\t\t\t<div class=\"elementor-widget-container\">\n\t\t\t\t\t\t\t<div class=\"e-rating\" itemtype=\"https:\/\/schema.org\/Rating\" itemscope=\"\" itemprop=\"reviewRating\">\n\t\t\t<meta itemprop=\"worstRating\" content=\"0\">\n\t\t\t<meta itemprop=\"bestRating\" content=\"5\">\n\t\t\t<div class=\"e-rating-wrapper\" itemprop=\"ratingValue\" content=\"5\" role=\"img\" aria-label=\"Rated 5 out of 5\">\n\t\t\t\t\t\t\t<div class=\"e-icon\">\n\t\t\t\t<div class=\"e-icon-wrapper e-icon-marked\">\n\t\t\t\t\t<svg aria-hidden=\"true\" class=\"e-font-icon-svg e-eicon-star\" viewbox=\"0 0 1000 1000\" xmlns=\"http:\/\/www.w3.org\/2000\/svg\"><path d=\"M450 75L338 312 88 350C46 354 25 417 58 450L238 633 196 896C188 942 238 975 275 954L500 837 725 954C767 975 813 942 804 896L763 633 942 450C975 417 954 358 913 350L663 312 550 75C529 33 471 33 450 75Z\"><\/path><\/svg>\t\t\t\t<\/div>\n\t\t\t\t<div class=\"e-icon-wrapper e-icon-unmarked\">\n\t\t\t\t\t<svg aria-hidden=\"true\" class=\"e-font-icon-svg e-eicon-star\" viewbox=\"0 0 1000 1000\" xmlns=\"http:\/\/www.w3.org\/2000\/svg\"><path d=\"M450 75L338 312 88 350C46 354 25 417 58 450L238 633 196 896C188 942 238 975 275 954L500 837 725 954C767 975 813 942 804 896L763 633 942 450C975 417 954 358 913 350L663 312 550 75C529 33 471 33 450 75Z\"><\/path><\/svg>\t\t\t\t<\/div>\n\t\t\t<\/div>\n\t\t\t\t\t\t<div class=\"e-icon\">\n\t\t\t\t<div class=\"e-icon-wrapper e-icon-marked\">\n\t\t\t\t\t<svg aria-hidden=\"true\" class=\"e-font-icon-svg e-eicon-star\" viewbox=\"0 0 1000 1000\" xmlns=\"http:\/\/www.w3.org\/2000\/svg\"><path d=\"M450 75L338 312 88 350C46 354 25 417 58 450L238 633 196 896C188 942 238 975 275 954L500 837 725 954C767 975 813 942 804 896L763 633 942 450C975 417 954 358 913 350L663 312 550 75C529 33 471 33 450 75Z\"><\/path><\/svg>\t\t\t\t<\/div>\n\t\t\t\t<div class=\"e-icon-wrapper e-icon-unmarked\">\n\t\t\t\t\t<svg aria-hidden=\"true\" class=\"e-font-icon-svg e-eicon-star\" viewbox=\"0 0 1000 1000\" xmlns=\"http:\/\/www.w3.org\/2000\/svg\"><path d=\"M450 75L338 312 88 350C46 354 25 417 58 450L238 633 196 896C188 942 238 975 275 954L500 837 725 954C767 975 813 942 804 896L763 633 942 450C975 417 954 358 913 350L663 312 550 75C529 33 471 33 450 75Z\"><\/path><\/svg>\t\t\t\t<\/div>\n\t\t\t<\/div>\n\t\t\t\t\t\t<div class=\"e-icon\">\n\t\t\t\t<div class=\"e-icon-wrapper e-icon-marked\">\n\t\t\t\t\t<svg aria-hidden=\"true\" class=\"e-font-icon-svg e-eicon-star\" viewbox=\"0 0 1000 1000\" xmlns=\"http:\/\/www.w3.org\/2000\/svg\"><path d=\"M450 75L338 312 88 350C46 354 25 417 58 450L238 633 196 896C188 942 238 975 275 954L500 837 725 954C767 975 813 942 804 896L763 633 942 450C975 417 954 358 913 350L663 312 550 75C529 33 471 33 450 75Z\"><\/path><\/svg>\t\t\t\t<\/div>\n\t\t\t\t<div class=\"e-icon-wrapper e-icon-unmarked\">\n\t\t\t\t\t<svg aria-hidden=\"true\" class=\"e-font-icon-svg e-eicon-star\" viewbox=\"0 0 1000 1000\" xmlns=\"http:\/\/www.w3.org\/2000\/svg\"><path d=\"M450 75L338 312 88 350C46 354 25 417 58 450L238 633 196 896C188 942 238 975 275 954L500 837 725 954C767 975 813 942 804 896L763 633 942 450C975 417 954 358 913 350L663 312 550 75C529 33 471 33 450 75Z\"><\/path><\/svg>\t\t\t\t<\/div>\n\t\t\t<\/div>\n\t\t\t\t\t\t<div class=\"e-icon\">\n\t\t\t\t<div class=\"e-icon-wrapper e-icon-marked\">\n\t\t\t\t\t<svg aria-hidden=\"true\" class=\"e-font-icon-svg e-eicon-star\" viewbox=\"0 0 1000 1000\" xmlns=\"http:\/\/www.w3.org\/2000\/svg\"><path d=\"M450 75L338 312 88 350C46 354 25 417 58 450L238 633 196 896C188 942 238 975 275 954L500 837 725 954C767 975 813 942 804 896L763 633 942 450C975 417 954 358 913 350L663 312 550 75C529 33 471 33 450 75Z\"><\/path><\/svg>\t\t\t\t<\/div>\n\t\t\t\t<div class=\"e-icon-wrapper e-icon-unmarked\">\n\t\t\t\t\t<svg aria-hidden=\"true\" class=\"e-font-icon-svg e-eicon-star\" viewbox=\"0 0 1000 1000\" xmlns=\"http:\/\/www.w3.org\/2000\/svg\"><path d=\"M450 75L338 312 88 350C46 354 25 417 58 450L238 633 196 896C188 942 238 975 275 954L500 837 725 954C767 975 813 942 804 896L763 633 942 450C975 417 954 358 913 350L663 312 550 75C529 33 471 33 450 75Z\"><\/path><\/svg>\t\t\t\t<\/div>\n\t\t\t<\/div>\n\t\t\t\t\t\t<div class=\"e-icon\">\n\t\t\t\t<div class=\"e-icon-wrapper e-icon-marked\">\n\t\t\t\t\t<svg aria-hidden=\"true\" class=\"e-font-icon-svg e-eicon-star\" viewbox=\"0 0 1000 1000\" xmlns=\"http:\/\/www.w3.org\/2000\/svg\"><path d=\"M450 75L338 312 88 350C46 354 25 417 58 450L238 633 196 896C188 942 238 975 275 954L500 837 725 954C767 975 813 942 804 896L763 633 942 450C975 417 954 358 913 350L663 312 550 75C529 33 471 33 450 75Z\"><\/path><\/svg>\t\t\t\t<\/div>\n\t\t\t\t<div class=\"e-icon-wrapper e-icon-unmarked\">\n\t\t\t\t\t<svg aria-hidden=\"true\" class=\"e-font-icon-svg e-eicon-star\" viewbox=\"0 0 1000 1000\" xmlns=\"http:\/\/www.w3.org\/2000\/svg\"><path d=\"M450 75L338 312 88 350C46 354 25 417 58 450L238 633 196 896C188 942 238 975 275 954L500 837 725 954C767 975 813 942 804 896L763 633 942 450C975 417 954 358 913 350L663 312 550 75C529 33 471 33 450 75Z\"><\/path><\/svg>\t\t\t\t<\/div>\n\t\t\t<\/div>\n\t\t\t\t\t\t<\/div>\n\t\t<\/div>\n\t\t\t\t\t\t<\/div>\n\t\t\t\t<\/div>\n\t\t\t\t<div class=\"elementor-element elementor-element-9f2b885 elementor-widget elementor-widget-text-editor\" data-id=\"9f2b885\" data-element_type=\"widget\" data-e-type=\"widget\" data-widget_type=\"text-editor.default\">\n\t\t\t\t<div class=\"elementor-widget-container\">\n\t\t\t\t\t\t\t\t\t4.9 (2,847 ratings)\t\t\t\t\t\t\t\t<\/div>\n\t\t\t\t<\/div>\n\t\t\t\t<\/div>\n\t\t\t\t<\/div>\n\t\t<div class=\"elementor-element elementor-element-dce84bf e-con-full e-flex e-con e-child\" data-id=\"dce84bf\" data-element_type=\"container\" data-e-type=\"container\">\n\t\t<div class=\"elementor-element elementor-element-2ff9b59 e-con-full e-flex e-con e-child\" data-id=\"2ff9b59\" data-element_type=\"container\" data-e-type=\"container\">\n\t\t\t\t<div class=\"elementor-element elementor-element-1af675d elementor-position-inline-start elementor-view-default elementor-mobile-position-block-start elementor-widget elementor-widget-icon-box\" data-id=\"1af675d\" data-element_type=\"widget\" data-e-type=\"widget\" data-widget_type=\"icon-box.default\">\n\t\t\t\t<div class=\"elementor-widget-container\">\n\t\t\t\t\t\t\t<div class=\"elementor-icon-box-wrapper\">\n\n\t\t\t\t\t\t<div class=\"elementor-icon-box-icon\">\n\t\t\t\t<span  class=\"elementor-icon\">\n\t\t\t\t<svg xmlns=\"http:\/\/www.w3.org\/2000\/svg\" id=\"outline\" height=\"512\" viewbox=\"0 0 48 48\" width=\"512\"><path d=\"m41.211 37.288a4.112 4.112 0 1 1 4.109-4.112 4.114 4.114 0 0 1 -4.109 4.112zm0-6.724a2.612 2.612 0 1 0 2.609 2.612 2.613 2.613 0 0 0 -2.609-2.612z\"><\/path><path d=\"m19.542 37.288a4.112 4.112 0 1 1 4.108-4.112 4.115 4.115 0 0 1 -4.108 4.112zm0-6.724a2.612 2.612 0 1 0 2.608 2.612 2.614 2.614 0 0 0 -2.608-2.612z\"><\/path><path d=\"m46.621 33.926h-2.051a.75.75 0 0 1 0-1.5h1.839v-3.977a3.16 3.16 0 0 0 -.4-1.536l-4.06-7.279a.4.4 0 0 0 -.349-.205h-5.533v13h1.786a.75.75 0 0 1 0 1.5h-2.536a.75.75 0 0 1 -.75-.75v-14.5a.75.75 0 0 1 .75-.75h6.283a1.9 1.9 0 0 1 1.66.974l4.059 7.28a4.662 4.662 0 0 1 .589 2.266v4.19a1.289 1.289 0 0 1 -1.287 1.287z\"><\/path><path d=\"m16.183 33.926h-7.191a.75.75 0 0 1 -.75-.75v-5.768a.75.75 0 0 1 1.5 0v5.018h6.441a.75.75 0 0 1 0 1.5z\"><\/path><path d=\"m8.992 24.747a.75.75 0 0 1 -.75-.75v-5.036a.75.75 0 0 1 1.5 0v5.039a.75.75 0 0 1 -.75.747z\"><\/path><path d=\"m35.317 33.926h-12.417a.75.75 0 0 1 0-1.5h11.667v-19.621h-24.825v3.089a.75.75 0 0 1 -1.5 0v-3.227a1.364 1.364 0 0 1 1.363-1.362h25.1a1.364 1.364 0 0 1 1.362 1.362v20.509a.75.75 0 0 1 -.75.75z\"><\/path><path d=\"m11.957 28.158h-9.519a.75.75 0 0 1 0-1.5h9.519a.75.75 0 0 1 0 1.5z\"><\/path><path d=\"m19.542 24.747h-13.283a.75.75 0 0 1 0-1.5h13.283a.75.75 0 0 1 0 1.5z\"><\/path><path d=\"m5.846 20.787h-5.187a.75.75 0 1 1 0-1.5h5.187a.75.75 0 0 1 0 1.5z\"><\/path><path d=\"m14.163 16.644h-9.156a.75.75 0 1 1 0-1.5h9.156a.75.75 0 0 1 0 1.5z\"><\/path><\/svg>\t\t\t\t<\/span>\n\t\t\t<\/div>\n\t\t\t\n\t\t\t\t\t\t<div class=\"elementor-icon-box-content\">\n\n\t\t\t\t\t\t\t\t\t<span class=\"elementor-icon-box-title\">\n\t\t\t\t\t\t<span  >\n\t\t\t\t\t\t\tFree shipping\t\t\t\t\t\t<\/span>\n\t\t\t\t\t<\/span>\n\t\t\t\t\n\t\t\t\t\n\t\t\t<\/div>\n\t\t\t\n\t\t<\/div>\n\t\t\t\t\t\t<\/div>\n\t\t\t\t<\/div>\n\t\t\t\t<\/div>\n\t\t<div class=\"elementor-element elementor-element-786ef09 e-con-full e-flex e-con e-child\" data-id=\"786ef09\" data-element_type=\"container\" data-e-type=\"container\">\n\t\t\t\t<div class=\"elementor-element elementor-element-3adb74b elementor-position-inline-start elementor-view-default elementor-mobile-position-block-start elementor-widget elementor-widget-icon-box\" data-id=\"3adb74b\" data-element_type=\"widget\" data-e-type=\"widget\" data-widget_type=\"icon-box.default\">\n\t\t\t\t<div class=\"elementor-widget-container\">\n\t\t\t\t\t\t\t<div class=\"elementor-icon-box-wrapper\">\n\n\t\t\t\t\t\t<div class=\"elementor-icon-box-icon\">\n\t\t\t\t<span  class=\"elementor-icon\">\n\t\t\t\t<svg xmlns=\"http:\/\/www.w3.org\/2000\/svg\" id=\"Layer_1\" viewbox=\"0 0 48 48\"><g><path d=\"m22.2 44c-15.8-1.4-23.9-19.9-13.9-32.5l4 5.3c.1.1.2 0 .2 0l2.2-13.2c0-.1 0-.1-.1-.1l-12.7-.7s-.1.1 0 .2l4 5.3c-12.9 14.8-3.5 38 15.9 39.7 1.2.1 2.2-.8 2.2-2 0-1.1-.8-1.9-1.8-2\"><\/path><path d=\"m42.5 39.4c12.4-14.8 2.9-37.7-16.3-39.4-1.2-.1-2.2.8-2.2 2 0 1 .8 1.9 1.8 2 15.7 1.4 23.6 19.5 14.3 32l-3.7-5.3c-.1-.1-.2 0-.2 0l-2.6 13.2c0 .1 0 .1.1.1l12.7 1c.1 0 .1-.1.1-.2z\"><\/path><\/g><\/svg>\t\t\t\t<\/span>\n\t\t\t<\/div>\n\t\t\t\n\t\t\t\t\t\t<div class=\"elementor-icon-box-content\">\n\n\t\t\t\t\t\t\t\t\t<span class=\"elementor-icon-box-title\">\n\t\t\t\t\t\t<span  >\n\t\t\t\t\t\t\t14-day refund\t\t\t\t\t\t<\/span>\n\t\t\t\t\t<\/span>\n\t\t\t\t\n\t\t\t\t\n\t\t\t<\/div>\n\t\t\t\n\t\t<\/div>\n\t\t\t\t\t\t<\/div>\n\t\t\t\t<\/div>\n\t\t\t\t<\/div>\n\t\t<div class=\"elementor-element elementor-element-0d703e9 e-con-full e-flex e-con e-child\" data-id=\"0d703e9\" data-element_type=\"container\" data-e-type=\"container\">\n\t\t\t\t<div class=\"elementor-element elementor-element-b897f31 elementor-position-inline-start elementor-view-default elementor-mobile-position-block-start elementor-widget elementor-widget-icon-box\" data-id=\"b897f31\" data-element_type=\"widget\" data-e-type=\"widget\" data-widget_type=\"icon-box.default\">\n\t\t\t\t<div class=\"elementor-widget-container\">\n\t\t\t\t\t\t\t<div class=\"elementor-icon-box-wrapper\">\n\n\t\t\t\t\t\t<div class=\"elementor-icon-box-icon\">\n\t\t\t\t<span  class=\"elementor-icon\">\n\t\t\t\t<svg xmlns=\"http:\/\/www.w3.org\/2000\/svg\" id=\"Layer_1\" viewbox=\"0 0 48 48\"><path d=\"M23.67,3.38c3.71-.83,5.72,2.77,8.81,4.14,3.28,1.46,8.96.71,9.49,4.79.6,4.58.35,17.09-1.38,21.18-2.46,5.8-11.86,12.84-18.17,10.99-7.18-2.11-13.83-8.47-14.54-16.2-.21-2.27-.27-16.03.31-17.31,1.04-2.31,6.36-2.36,9.06-3.56,2.03-.9,5.01-3.71,6.42-4.03ZM38.58,12.69c-5.06-.94-9.82-2.15-13.45-6.08-4.32,3.3-8.35,5.39-13.85,6.08.23,9.83-2.45,18.32,6.25,25.17,4.66,3.67,6.91,4.54,12.17,1.76,11.34-5.97,8.84-15.93,8.88-26.93Z\"><\/path><\/svg>\t\t\t\t<\/span>\n\t\t\t<\/div>\n\t\t\t\n\t\t\t\t\t\t<div class=\"elementor-icon-box-content\">\n\n\t\t\t\t\t\t\t\t\t<span class=\"elementor-icon-box-title\">\n\t\t\t\t\t\t<span  >\n\t\t\t\t\t\t\t1-year warranty\t\t\t\t\t\t<\/span>\n\t\t\t\t\t<\/span>\n\t\t\t\t\n\t\t\t\t\n\t\t\t<\/div>\n\t\t\t\n\t\t<\/div>\n\t\t\t\t\t\t<\/div>\n\t\t\t\t<\/div>\n\t\t\t\t<\/div>\n\t\t\t\t<\/div>\n\t\t\t\t<div class=\"elementor-element elementor-element-622f15d elementor-align-justify elementor-widget elementor-widget-button\" data-id=\"622f15d\" data-element_type=\"widget\" data-e-type=\"widget\" data-widget_type=\"button.default\">\n\t\t\t\t<div class=\"elementor-widget-container\">\n\t\t\t\t\t\t\t\t\t<div class=\"elementor-button-wrapper\">\n\t\t\t\t\t<a class=\"elementor-button elementor-button-link elementor-size-sm\" href=\"https:\/\/privacy-router.com\/en\/checkout-page\/\">\n\t\t\t\t\t\t<span class=\"elementor-button-content-wrapper\">\n\t\t\t\t\t\t\t\t\t<span class=\"elementor-button-text\">Completion of purchase<\/span>\n\t\t\t\t\t<\/span>\n\t\t\t\t\t<\/a>\n\t\t\t\t<\/div>\n\t\t\t\t\t\t\t\t<\/div>\n\t\t\t\t<\/div>\n\t\t\t\t<\/div>\n\t\t\t\t<\/div>","protected":false},"excerpt":{"rendered":"<p>4.9 \u00a0(2,847 ocen) Brezpla\u010dna dostava 14-dnevno vra\u010dilo 1-letna garancija Odstrani predmet Predogledna sli\u010dica Izdelek Cena Koli\u010dina Delni znesek &times; DPER Mini 212,69&nbsp;&euro; DPER Mini koli\u010dina 425,39&nbsp;&euro; (vklj. z DDV) Ko\u0161arica Delni znesek 425,39&nbsp;&euro; (vklj. z DDV) Dostava Free shipping Dostava na Test 12, 1000 Test. Spremeni naslov Dr\u017eava \/ regija Izberi dr\u017eavo \/ regijo&hellip;Hrva\u0161kaSlovenija Mesto: [&hellip;]<\/p>\n","protected":false},"author":3,"featured_media":0,"parent":0,"menu_order":0,"comment_status":"closed","ping_status":"closed","template":"elementor_canvas","meta":{"_acf_changed":false,"footnotes":""},"class_list":["post-218","page","type-page","status-publish","hentry"],"acf":[],"_links":{"self":[{"href":"https:\/\/privacy-router.com\/en\/wp-json\/wp\/v2\/pages\/218","targetHints":{"allow":["GET"]}}],"collection":[{"href":"https:\/\/privacy-router.com\/en\/wp-json\/wp\/v2\/pages"}],"about":[{"href":"https:\/\/privacy-router.com\/en\/wp-json\/wp\/v2\/types\/page"}],"author":[{"embeddable":true,"href":"https:\/\/privacy-router.com\/en\/wp-json\/wp\/v2\/users\/3"}],"replies":[{"embeddable":true,"href":"https:\/\/privacy-router.com\/en\/wp-json\/wp\/v2\/comments?post=218"}],"version-history":[{"count":67,"href":"https:\/\/privacy-router.com\/en\/wp-json\/wp\/v2\/pages\/218\/revisions"}],"predecessor-version":[{"id":3291,"href":"https:\/\/privacy-router.com\/en\/wp-json\/wp\/v2\/pages\/218\/revisions\/3291"}],"wp:attachment":[{"href":"https:\/\/privacy-router.com\/en\/wp-json\/wp\/v2\/media?parent=218"}],"curies":[{"name":"wp","href":"https:\/\/api.w.org\/{rel}","templated":true}]}}